{"id":326,"date":"2019-12-20T08:59:55","date_gmt":"2019-12-20T08:59:55","guid":{"rendered":"http:\/\/philosopical-falcon.w5.wpsandbox.pro\/?page_id=326"},"modified":"2021-06-11T16:16:54","modified_gmt":"2021-06-11T16:16:54","slug":"contacto","status":"publish","type":"page","link":"https:\/\/asociacionelserbal.org\/es\/contacto\/","title":{"rendered":"Contacto"},"content":{"rendered":"\t\t<div data-elementor-type=\"wp-page\" data-elementor-id=\"326\" class=\"elementor elementor-326\">\n\t\t\t\t\t\t<section class=\"elementor-section elementor-top-section elementor-element elementor-element-431a7fd elementor-section-boxed elementor-section-height-default elementor-section-height-default\" data-id=\"431a7fd\" data-element_type=\"section\">\n\t\t\t\t\t\t<div class=\"elementor-container elementor-column-gap-default\">\n\t\t\t\t\t<div class=\"elementor-column elementor-col-100 elementor-top-column elementor-element elementor-element-1fc5daf\" data-id=\"1fc5daf\" data-element_type=\"column\">\n\t\t\t<div class=\"elementor-widget-wrap elementor-element-populated\">\n\t\t\t\t\t\t<div class=\"elementor-element elementor-element-22a7e12 elementor-widget elementor-widget-ColorMag-Global-Widgets-Title\" data-id=\"22a7e12\" data-element_type=\"widget\" data-widget_type=\"ColorMag-Global-Widgets-Title.default\">\n\t\t\t\t<div class=\"elementor-widget-container\">\n\t\t\t\t\t\n            <div class=\"tg-module-wrapper\">\n                \n\t\t<div class=\"tg-module-title-wrap\">\n\t\t\t<h4 class=\"module-title\">\n\t\t\t\t<span>Contact Us<\/span>\n\t\t\t<\/h4>\n\t\t<\/div>\n\n\t\t            <\/div>\n\n        \t\t\t\t<\/div>\n\t\t\t\t<\/div>\n\t\t\t\t<div class=\"elementor-element elementor-element-ea73356 elementor-widget elementor-widget-shortcode\" data-id=\"ea73356\" data-element_type=\"widget\" data-widget_type=\"shortcode.default\">\n\t\t\t\t<div class=\"elementor-widget-container\">\n\t\t\t\t\t\t\t<div class=\"elementor-shortcode\"><div class=\"everest-forms\"><\/div><\/div>\n\t\t\t\t\t\t<\/div>\n\t\t\t\t<\/div>\n\t\t\t\t\t<\/div>\n\t\t<\/div>\n\t\t\t\t\t<\/div>\n\t\t<\/section>\n\t\t\t\t<\/div>\n\t\t","protected":false},"excerpt":{"rendered":"<p>Contact Us<\/p>\n","protected":false},"author":3,"featured_media":0,"parent":0,"menu_order":0,"comment_status":"closed","ping_status":"closed","template":"page-templates\/contact.php","meta":{"colormag_page_container_layout":"default_layout","colormag_page_sidebar_layout":"default_layout","footnotes":""},"class_list":["post-326","page","type-page","status-publish","hentry"],"yoast_head":"<!-- This site is optimized with the Yoast SEO plugin v26.3 - https:\/\/yoast.com\/wordpress\/plugins\/seo\/ -->\n<title>Contacto - Asociaci\u00f3n El Serbal<\/title>\n<meta name=\"robots\" content=\"index, follow, max-snippet:-1, max-image-preview:large, max-video-preview:-1\" \/>\n<link rel=\"canonical\" href=\"https:\/\/asociacionelserbal.org\/es\/contacto\/\" \/>\n<meta property=\"og:locale\" content=\"es_ES\" \/>\n<meta property=\"og:type\" content=\"article\" \/>\n<meta property=\"og:title\" content=\"Contacto - Asociaci\u00f3n El Serbal\" \/>\n<meta property=\"og:description\" content=\"Contact Us\" \/>\n<meta property=\"og:url\" content=\"https:\/\/asociacionelserbal.org\/es\/contacto\/\" \/>\n<meta property=\"og:site_name\" content=\"Asociaci\u00f3n El Serbal\" \/>\n<meta property=\"article:modified_time\" content=\"2021-06-11T16:16:54+00:00\" \/>\n<meta name=\"twitter:card\" content=\"summary_large_image\" \/>\n<script type=\"application\/ld+json\" class=\"yoast-schema-graph\">{\"@context\":\"https:\/\/schema.org\",\"@graph\":[{\"@type\":\"WebPage\",\"@id\":\"https:\/\/asociacionelserbal.org\/es\/contacto\/\",\"url\":\"https:\/\/asociacionelserbal.org\/es\/contacto\/\",\"name\":\"Contacto - Asociaci\u00f3n El Serbal\",\"isPartOf\":{\"@id\":\"https:\/\/asociacionelserbal.org\/es\/#website\"},\"datePublished\":\"2019-12-20T08:59:55+00:00\",\"dateModified\":\"2021-06-11T16:16:54+00:00\",\"breadcrumb\":{\"@id\":\"https:\/\/asociacionelserbal.org\/es\/contacto\/#breadcrumb\"},\"inLanguage\":\"es\",\"potentialAction\":[{\"@type\":\"ReadAction\",\"target\":[\"https:\/\/asociacionelserbal.org\/es\/contacto\/\"]}]},{\"@type\":\"BreadcrumbList\",\"@id\":\"https:\/\/asociacionelserbal.org\/es\/contacto\/#breadcrumb\",\"itemListElement\":[{\"@type\":\"ListItem\",\"position\":1,\"name\":\"Portada\",\"item\":\"https:\/\/asociacionelserbal.org\/es\/\"},{\"@type\":\"ListItem\",\"position\":2,\"name\":\"Contacto\"}]},{\"@type\":\"WebSite\",\"@id\":\"https:\/\/asociacionelserbal.org\/es\/#website\",\"url\":\"https:\/\/asociacionelserbal.org\/es\/\",\"name\":\"Asociaci\u00f3n El Serbal\",\"description\":\"Asociaci\u00f3n del bons\u00e1i\",\"publisher\":{\"@id\":\"https:\/\/asociacionelserbal.org\/es\/#organization\"},\"potentialAction\":[{\"@type\":\"SearchAction\",\"target\":{\"@type\":\"EntryPoint\",\"urlTemplate\":\"https:\/\/asociacionelserbal.org\/es\/?s={search_term_string}\"},\"query-input\":{\"@type\":\"PropertyValueSpecification\",\"valueRequired\":true,\"valueName\":\"search_term_string\"}}],\"inLanguage\":\"es\"},{\"@type\":\"Organization\",\"@id\":\"https:\/\/asociacionelserbal.org\/es\/#organization\",\"name\":\"Asociaci\u00f3n El Serbal\",\"url\":\"https:\/\/asociacionelserbal.org\/es\/\",\"logo\":{\"@type\":\"ImageObject\",\"inLanguage\":\"es\",\"@id\":\"https:\/\/asociacionelserbal.org\/es\/#\/schema\/logo\/image\/\",\"url\":\"https:\/\/asociacionelserbal.org\/es\/wp-content\/uploads\/2021\/05\/LOGO-WEB.png\",\"contentUrl\":\"https:\/\/asociacionelserbal.org\/es\/wp-content\/uploads\/2021\/05\/LOGO-WEB.png\",\"width\":450,\"height\":80,\"caption\":\"Asociaci\u00f3n El Serbal\"},\"image\":{\"@id\":\"https:\/\/asociacionelserbal.org\/es\/#\/schema\/logo\/image\/\"}}]}<\/script>\n<!-- \/ Yoast SEO plugin. -->","yoast_head_json":{"title":"Contacto - Asociaci\u00f3n El Serbal","robots":{"index":"index","follow":"follow","max-snippet":"max-snippet:-1","max-image-preview":"max-image-preview:large","max-video-preview":"max-video-preview:-1"},"canonical":"https:\/\/asociacionelserbal.org\/es\/contacto\/","og_locale":"es_ES","og_type":"article","og_title":"Contacto - Asociaci\u00f3n El Serbal","og_description":"Contact Us","og_url":"https:\/\/asociacionelserbal.org\/es\/contacto\/","og_site_name":"Asociaci\u00f3n El Serbal","article_modified_time":"2021-06-11T16:16:54+00:00","twitter_card":"summary_large_image","schema":{"@context":"https:\/\/schema.org","@graph":[{"@type":"WebPage","@id":"https:\/\/asociacionelserbal.org\/es\/contacto\/","url":"https:\/\/asociacionelserbal.org\/es\/contacto\/","name":"Contacto - Asociaci\u00f3n El Serbal","isPartOf":{"@id":"https:\/\/asociacionelserbal.org\/es\/#website"},"datePublished":"2019-12-20T08:59:55+00:00","dateModified":"2021-06-11T16:16:54+00:00","breadcrumb":{"@id":"https:\/\/asociacionelserbal.org\/es\/contacto\/#breadcrumb"},"inLanguage":"es","potentialAction":[{"@type":"ReadAction","target":["https:\/\/asociacionelserbal.org\/es\/contacto\/"]}]},{"@type":"BreadcrumbList","@id":"https:\/\/asociacionelserbal.org\/es\/contacto\/#breadcrumb","itemListElement":[{"@type":"ListItem","position":1,"name":"Portada","item":"https:\/\/asociacionelserbal.org\/es\/"},{"@type":"ListItem","position":2,"name":"Contacto"}]},{"@type":"WebSite","@id":"https:\/\/asociacionelserbal.org\/es\/#website","url":"https:\/\/asociacionelserbal.org\/es\/","name":"Asociaci\u00f3n El Serbal","description":"Asociaci\u00f3n del bons\u00e1i","publisher":{"@id":"https:\/\/asociacionelserbal.org\/es\/#organization"},"potentialAction":[{"@type":"SearchAction","target":{"@type":"EntryPoint","urlTemplate":"https:\/\/asociacionelserbal.org\/es\/?s={search_term_string}"},"query-input":{"@type":"PropertyValueSpecification","valueRequired":true,"valueName":"search_term_string"}}],"inLanguage":"es"},{"@type":"Organization","@id":"https:\/\/asociacionelserbal.org\/es\/#organization","name":"Asociaci\u00f3n El Serbal","url":"https:\/\/asociacionelserbal.org\/es\/","logo":{"@type":"ImageObject","inLanguage":"es","@id":"https:\/\/asociacionelserbal.org\/es\/#\/schema\/logo\/image\/","url":"https:\/\/asociacionelserbal.org\/es\/wp-content\/uploads\/2021\/05\/LOGO-WEB.png","contentUrl":"https:\/\/asociacionelserbal.org\/es\/wp-content\/uploads\/2021\/05\/LOGO-WEB.png","width":450,"height":80,"caption":"Asociaci\u00f3n El Serbal"},"image":{"@id":"https:\/\/asociacionelserbal.org\/es\/#\/schema\/logo\/image\/"}}]}},"_links":{"self":[{"href":"https:\/\/asociacionelserbal.org\/es\/wp-json\/wp\/v2\/pages\/326","targetHints":{"allow":["GET"]}}],"collection":[{"href":"https:\/\/asociacionelserbal.org\/es\/wp-json\/wp\/v2\/pages"}],"about":[{"href":"https:\/\/asociacionelserbal.org\/es\/wp-json\/wp\/v2\/types\/page"}],"author":[{"embeddable":true,"href":"https:\/\/asociacionelserbal.org\/es\/wp-json\/wp\/v2\/users\/3"}],"replies":[{"embeddable":true,"href":"https:\/\/asociacionelserbal.org\/es\/wp-json\/wp\/v2\/comments?post=326"}],"version-history":[{"count":1,"href":"https:\/\/asociacionelserbal.org\/es\/wp-json\/wp\/v2\/pages\/326\/revisions"}],"predecessor-version":[{"id":923,"href":"https:\/\/asociacionelserbal.org\/es\/wp-json\/wp\/v2\/pages\/326\/revisions\/923"}],"wp:attachment":[{"href":"https:\/\/asociacionelserbal.org\/es\/wp-json\/wp\/v2\/media?parent=326"}],"curies":[{"name":"wp","href":"https:\/\/api.w.org\/{rel}","templated":true}]}}