{"id":2,"date":"2017-10-20T12:57:11","date_gmt":"2017-10-20T12:57:11","guid":{"rendered":"https:\/\/asociacionelserbal.org\/es\/?page_id=2"},"modified":"2021-06-11T16:25:25","modified_gmt":"2021-06-11T16:25:25","slug":"asociacion","status":"publish","type":"page","link":"https:\/\/asociacionelserbal.org\/es\/asociacion\/","title":{"rendered":"La Asociaci\u00f3n"},"content":{"rendered":"<p>This is an example of a WordPress page, you could edit this to put information about yourself or your site so readers know where you are coming from. You can create as many pages like this one or sub-pages as you like and manage all of your content inside of WordPress.<\/p>\n","protected":false},"excerpt":{"rendered":"<p>This is an example of a WordPress page, you could edit this to put information about yourself or your site<\/p>\n","protected":false},"author":1,"featured_media":0,"parent":0,"menu_order":0,"comment_status":"closed","ping_status":"closed","template":"","meta":{"colormag_page_container_layout":"default_layout","colormag_page_sidebar_layout":"default_layout","footnotes":""},"class_list":["post-2","page","type-page","status-publish","hentry"],"yoast_head":"<!-- This site is optimized with the Yoast SEO plugin v26.3 - https:\/\/yoast.com\/wordpress\/plugins\/seo\/ -->\n<title>La Asociaci\u00f3n - Asociaci\u00f3n El Serbal<\/title>\n<meta name=\"robots\" content=\"index, follow, max-snippet:-1, max-image-preview:large, max-video-preview:-1\" \/>\n<link rel=\"canonical\" href=\"https:\/\/asociacionelserbal.org\/es\/asociacion\/\" \/>\n<meta property=\"og:locale\" content=\"es_ES\" \/>\n<meta property=\"og:type\" content=\"article\" \/>\n<meta property=\"og:title\" content=\"La Asociaci\u00f3n - Asociaci\u00f3n El Serbal\" \/>\n<meta property=\"og:description\" content=\"This is an example of a WordPress page, you could edit this to put information about yourself or your site\" \/>\n<meta property=\"og:url\" content=\"https:\/\/asociacionelserbal.org\/es\/asociacion\/\" \/>\n<meta property=\"og:site_name\" content=\"Asociaci\u00f3n El Serbal\" \/>\n<meta property=\"article:modified_time\" content=\"2021-06-11T16:25:25+00:00\" \/>\n<meta name=\"twitter:card\" content=\"summary_large_image\" \/>\n<script type=\"application\/ld+json\" class=\"yoast-schema-graph\">{\"@context\":\"https:\/\/schema.org\",\"@graph\":[{\"@type\":\"WebPage\",\"@id\":\"https:\/\/asociacionelserbal.org\/es\/asociacion\/\",\"url\":\"https:\/\/asociacionelserbal.org\/es\/asociacion\/\",\"name\":\"La Asociaci\u00f3n - Asociaci\u00f3n El Serbal\",\"isPartOf\":{\"@id\":\"https:\/\/asociacionelserbal.org\/es\/#website\"},\"datePublished\":\"2017-10-20T12:57:11+00:00\",\"dateModified\":\"2021-06-11T16:25:25+00:00\",\"breadcrumb\":{\"@id\":\"https:\/\/asociacionelserbal.org\/es\/asociacion\/#breadcrumb\"},\"inLanguage\":\"es\",\"potentialAction\":[{\"@type\":\"ReadAction\",\"target\":[\"https:\/\/asociacionelserbal.org\/es\/asociacion\/\"]}]},{\"@type\":\"BreadcrumbList\",\"@id\":\"https:\/\/asociacionelserbal.org\/es\/asociacion\/#breadcrumb\",\"itemListElement\":[{\"@type\":\"ListItem\",\"position\":1,\"name\":\"Portada\",\"item\":\"https:\/\/asociacionelserbal.org\/es\/\"},{\"@type\":\"ListItem\",\"position\":2,\"name\":\"La Asociaci\u00f3n\"}]},{\"@type\":\"WebSite\",\"@id\":\"https:\/\/asociacionelserbal.org\/es\/#website\",\"url\":\"https:\/\/asociacionelserbal.org\/es\/\",\"name\":\"Asociaci\u00f3n El Serbal\",\"description\":\"Asociaci\u00f3n del bons\u00e1i\",\"publisher\":{\"@id\":\"https:\/\/asociacionelserbal.org\/es\/#organization\"},\"potentialAction\":[{\"@type\":\"SearchAction\",\"target\":{\"@type\":\"EntryPoint\",\"urlTemplate\":\"https:\/\/asociacionelserbal.org\/es\/?s={search_term_string}\"},\"query-input\":{\"@type\":\"PropertyValueSpecification\",\"valueRequired\":true,\"valueName\":\"search_term_string\"}}],\"inLanguage\":\"es\"},{\"@type\":\"Organization\",\"@id\":\"https:\/\/asociacionelserbal.org\/es\/#organization\",\"name\":\"Asociaci\u00f3n El Serbal\",\"url\":\"https:\/\/asociacionelserbal.org\/es\/\",\"logo\":{\"@type\":\"ImageObject\",\"inLanguage\":\"es\",\"@id\":\"https:\/\/asociacionelserbal.org\/es\/#\/schema\/logo\/image\/\",\"url\":\"https:\/\/asociacionelserbal.org\/es\/wp-content\/uploads\/2021\/05\/LOGO-WEB.png\",\"contentUrl\":\"https:\/\/asociacionelserbal.org\/es\/wp-content\/uploads\/2021\/05\/LOGO-WEB.png\",\"width\":450,\"height\":80,\"caption\":\"Asociaci\u00f3n El Serbal\"},\"image\":{\"@id\":\"https:\/\/asociacionelserbal.org\/es\/#\/schema\/logo\/image\/\"}}]}<\/script>\n<!-- \/ Yoast SEO plugin. -->","yoast_head_json":{"title":"La Asociaci\u00f3n - Asociaci\u00f3n El Serbal","robots":{"index":"index","follow":"follow","max-snippet":"max-snippet:-1","max-image-preview":"max-image-preview:large","max-video-preview":"max-video-preview:-1"},"canonical":"https:\/\/asociacionelserbal.org\/es\/asociacion\/","og_locale":"es_ES","og_type":"article","og_title":"La Asociaci\u00f3n - Asociaci\u00f3n El Serbal","og_description":"This is an example of a WordPress page, you could edit this to put information about yourself or your site","og_url":"https:\/\/asociacionelserbal.org\/es\/asociacion\/","og_site_name":"Asociaci\u00f3n El Serbal","article_modified_time":"2021-06-11T16:25:25+00:00","twitter_card":"summary_large_image","schema":{"@context":"https:\/\/schema.org","@graph":[{"@type":"WebPage","@id":"https:\/\/asociacionelserbal.org\/es\/asociacion\/","url":"https:\/\/asociacionelserbal.org\/es\/asociacion\/","name":"La Asociaci\u00f3n - Asociaci\u00f3n El Serbal","isPartOf":{"@id":"https:\/\/asociacionelserbal.org\/es\/#website"},"datePublished":"2017-10-20T12:57:11+00:00","dateModified":"2021-06-11T16:25:25+00:00","breadcrumb":{"@id":"https:\/\/asociacionelserbal.org\/es\/asociacion\/#breadcrumb"},"inLanguage":"es","potentialAction":[{"@type":"ReadAction","target":["https:\/\/asociacionelserbal.org\/es\/asociacion\/"]}]},{"@type":"BreadcrumbList","@id":"https:\/\/asociacionelserbal.org\/es\/asociacion\/#breadcrumb","itemListElement":[{"@type":"ListItem","position":1,"name":"Portada","item":"https:\/\/asociacionelserbal.org\/es\/"},{"@type":"ListItem","position":2,"name":"La Asociaci\u00f3n"}]},{"@type":"WebSite","@id":"https:\/\/asociacionelserbal.org\/es\/#website","url":"https:\/\/asociacionelserbal.org\/es\/","name":"Asociaci\u00f3n El Serbal","description":"Asociaci\u00f3n del bons\u00e1i","publisher":{"@id":"https:\/\/asociacionelserbal.org\/es\/#organization"},"potentialAction":[{"@type":"SearchAction","target":{"@type":"EntryPoint","urlTemplate":"https:\/\/asociacionelserbal.org\/es\/?s={search_term_string}"},"query-input":{"@type":"PropertyValueSpecification","valueRequired":true,"valueName":"search_term_string"}}],"inLanguage":"es"},{"@type":"Organization","@id":"https:\/\/asociacionelserbal.org\/es\/#organization","name":"Asociaci\u00f3n El Serbal","url":"https:\/\/asociacionelserbal.org\/es\/","logo":{"@type":"ImageObject","inLanguage":"es","@id":"https:\/\/asociacionelserbal.org\/es\/#\/schema\/logo\/image\/","url":"https:\/\/asociacionelserbal.org\/es\/wp-content\/uploads\/2021\/05\/LOGO-WEB.png","contentUrl":"https:\/\/asociacionelserbal.org\/es\/wp-content\/uploads\/2021\/05\/LOGO-WEB.png","width":450,"height":80,"caption":"Asociaci\u00f3n El Serbal"},"image":{"@id":"https:\/\/asociacionelserbal.org\/es\/#\/schema\/logo\/image\/"}}]}},"_links":{"self":[{"href":"https:\/\/asociacionelserbal.org\/es\/wp-json\/wp\/v2\/pages\/2","targetHints":{"allow":["GET"]}}],"collection":[{"href":"https:\/\/asociacionelserbal.org\/es\/wp-json\/wp\/v2\/pages"}],"about":[{"href":"https:\/\/asociacionelserbal.org\/es\/wp-json\/wp\/v2\/types\/page"}],"author":[{"embeddable":true,"href":"https:\/\/asociacionelserbal.org\/es\/wp-json\/wp\/v2\/users\/1"}],"replies":[{"embeddable":true,"href":"https:\/\/asociacionelserbal.org\/es\/wp-json\/wp\/v2\/comments?post=2"}],"version-history":[{"count":2,"href":"https:\/\/asociacionelserbal.org\/es\/wp-json\/wp\/v2\/pages\/2\/revisions"}],"predecessor-version":[{"id":927,"href":"https:\/\/asociacionelserbal.org\/es\/wp-json\/wp\/v2\/pages\/2\/revisions\/927"}],"wp:attachment":[{"href":"https:\/\/asociacionelserbal.org\/es\/wp-json\/wp\/v2\/media?parent=2"}],"curies":[{"name":"wp","href":"https:\/\/api.w.org\/{rel}","templated":true}]}}